{"id":19,"date":"2025-02-14T19:14:23","date_gmt":"2025-02-14T19:14:23","guid":{"rendered":"https:\/\/hoypordany.com\/?page_id=19"},"modified":"2025-02-14T19:15:49","modified_gmt":"2025-02-14T19:15:49","slug":"daniela-ramos","status":"publish","type":"page","link":"https:\/\/hoypordany.com\/index.php\/daniela-ramos\/","title":{"rendered":"Daniela Ramos"},"content":{"rendered":"<div class=\"wp-block-group has-contrast-dark-color has-text-color has-link-color has-superbfont-small-font-size wp-elements-1c33019683adf1b503b2f4a1e571d6f6 has-global-padding is-layout-constrained wp-block-group-is-layout-constrained\"><h2 class=\"wp-block-heading has-text-color has-link-color wp-elements-eff2f1aa7c0d1421b308ac81cfdbf6c9\" style=\"border-style:none;border-width:0px;color:#f56592\">Sobre Dany<\/h2>\n\n<p class=\"has-text-align-center has-contrast-dark-color has-text-color has-link-color has-superbfont-small-font-size wp-elements-92bf9a3b447078facef8485b1bc7516d\">Soy Dany, tengo 29 a\u00f1os y siempre me he considerado una persona fuerte. En junio de 2023 mi vida cambi\u00f3 por completo: me diagnosticaron un c\u00e1ncer de mama muy agresivo con met\u00e1stasis \u00f3seas y hep\u00e1ticas. Fue un golpe duro, pero desde entonces he decidido luchar con todo lo que tengo. Siempre he intentado mantener una actitud positiva, animar a los dem\u00e1s y perseguir mis sue\u00f1os, pero nunca imagin\u00e9 enfrentarme a algo as\u00ed.<\/p>\n\n<p class=\"has-text-align-center has-contrast-dark-color has-text-color has-link-color has-superbfont-small-font-size wp-elements-ae6836acc101ee7a058d2ce0781a5a4c\">El estr\u00e9s constante en mi trabajo fue uno de los factores que contribuy\u00f3 a esta enfermedad. Adem\u00e1s, un mal diagn\u00f3stico al principio complic\u00f3 las cosas. Cuando aparecieron los primeros s\u00edntomas, me dijeron que era mastitis y me recetaron analg\u00e9sicos durante dos meses. Esos meses pudieron haber marcado la diferencia si hubieran identificado el c\u00e1ncer a tiempo.<\/p>\n\n<p class=\"has-text-align-center has-contrast-dark-color has-text-color has-link-color has-superbfont-small-font-size wp-elements-73d1f2cdc42120894392bdb687d38823\">En diciembre de 2023, me operaron para retirar un tumor de 14 cm en mi mama. Para entonces, la met\u00e1stasis en el h\u00edgado hab\u00eda desaparecido gracias a las quimioterapias, lo que me dio un rayo de esperanza. Pero en febrero de 2024, los tumores en el h\u00edgado volvieron a aparecer, record\u00e1ndome lo dif\u00edcil que es esta lucha.<\/p>\n\n<p class=\"has-text-align-center has-contrast-dark-color has-text-color has-link-color has-superbfont-small-font-size wp-elements-a4d94cb04d59e55b44422f821888270e\">Hasta ahora he pasado por 19 quimioterapias, una cirug\u00eda de mama y una infinidad de estudios. A\u00fan me faltan radioterapias y la reconstrucci\u00f3n de mama, pero sigo aqu\u00ed, enfrentando cada d\u00eda con valent\u00eda. Aunque hay d\u00edas dif\u00edciles, sigo creyendo que puedo superar esto. Mi historia no termina aqu\u00ed, porque tengo mucho por lo que vivir y luchar.<\/p>\n\n<figure class=\"wp-block-image aligncenter size-full has-custom-border\"><img loading=\"lazy\" decoding=\"async\" width=\"603\" height=\"705\" src=\"https:\/\/hoypordany.com\/wp-content\/uploads\/2025\/02\/dany.png\" alt=\"\" class=\"wp-image-8\" style=\"border-top-style:none;border-top-width:0px;border-right-color:#f56592;border-right-width:180px;border-bottom-style:none;border-bottom-width:0px;border-left-color:#f56592;border-left-width:180px\" srcset=\"https:\/\/hoypordany.com\/wp-content\/uploads\/2025\/02\/dany.png 603w, https:\/\/hoypordany.com\/wp-content\/uploads\/2025\/02\/dany-257x300.png 257w\" sizes=\"auto, (max-width: 603px) 100vw, 603px\" \/><\/figure><\/div>","protected":false},"excerpt":{"rendered":"<p>Sobre Dany Soy Dany, tengo 29 a\u00f1os y siempre me he considerado una persona fuerte. En junio de 2023 mi vida cambi\u00f3 por completo: me diagnosticaron un c\u00e1ncer de mama muy agresivo con met\u00e1stasis \u00f3seas y hep\u00e1ticas. Fue un golpe duro, pero desde entonces he decidido luchar con todo lo que tengo. Siempre he intentado [&hellip;]<\/p>\n","protected":false},"author":1,"featured_media":0,"parent":0,"menu_order":0,"comment_status":"closed","ping_status":"closed","template":"superbaddons-page-template","meta":{"footnotes":""},"class_list":["post-19","page","type-page","status-publish","hentry"],"_links":{"self":[{"href":"https:\/\/hoypordany.com\/index.php\/wp-json\/wp\/v2\/pages\/19","targetHints":{"allow":["GET"]}}],"collection":[{"href":"https:\/\/hoypordany.com\/index.php\/wp-json\/wp\/v2\/pages"}],"about":[{"href":"https:\/\/hoypordany.com\/index.php\/wp-json\/wp\/v2\/types\/page"}],"author":[{"embeddable":true,"href":"https:\/\/hoypordany.com\/index.php\/wp-json\/wp\/v2\/users\/1"}],"replies":[{"embeddable":true,"href":"https:\/\/hoypordany.com\/index.php\/wp-json\/wp\/v2\/comments?post=19"}],"version-history":[{"count":2,"href":"https:\/\/hoypordany.com\/index.php\/wp-json\/wp\/v2\/pages\/19\/revisions"}],"predecessor-version":[{"id":21,"href":"https:\/\/hoypordany.com\/index.php\/wp-json\/wp\/v2\/pages\/19\/revisions\/21"}],"wp:attachment":[{"href":"https:\/\/hoypordany.com\/index.php\/wp-json\/wp\/v2\/media?parent=19"}],"curies":[{"name":"wp","href":"https:\/\/api.w.org\/{rel}","templated":true}]}}