{"id":27,"date":"2025-02-14T22:00:59","date_gmt":"2025-02-14T22:00:59","guid":{"rendered":"https:\/\/hoypordany.com\/?page_id=27"},"modified":"2025-02-17T18:18:05","modified_gmt":"2025-02-17T18:18:05","slug":"jacobo-roa","status":"publish","type":"page","link":"https:\/\/hoypordany.com\/index.php\/jacobo-roa\/","title":{"rendered":"Jacobo Roa"},"content":{"rendered":"<div style=\"background-image:url(&apos;https:\/\/hoypordany.com\/wp-content\/uploads\/2025\/02\/jacobo.jpg&apos;);background-size:cover;\" class=\"wp-block-group is-style-default has-global-padding is-content-justification-left is-layout-constrained wp-container-core-group-is-layout-74cbbf86 wp-block-group-is-layout-constrained has-background\"><h2 class=\"wp-block-heading\" style=\"padding-right:var(--wp--preset--spacing--superbspacing-xsmall);padding-left:var(--wp--preset--spacing--superbspacing-xsmall)\">Jacobo Roa.<\/h2>\n\n<p class=\"has-contrast-dark-color has-text-color has-link-color has-superbfont-small-font-size wp-elements-7a8184efff3014bfbe049ade9fcf81a8\" style=\"padding-right:0;padding-left:var(--wp--preset--spacing--superbspacing-xsmall)\">ARTISTA VISUAL, AUTODIDACTA, ZURDO, IRREVERENTE, POLICROM\u00c1TICO INTERMEDIARIO DE IM\u00c1GENES Y COLORES, ANTERIOR Y SUSTITUTO DE S\u00cd MISMO.<\/p>\n\n<p class=\"has-contrast-dark-color has-text-color has-link-color has-superbfont-small-font-size wp-elements-a6797555ec55da43ac07e50e54ada32b\" style=\"padding-right:0;padding-left:var(--wp--preset--spacing--superbspacing-xsmall)\">La imaginer\u00eda de la obra de ROA es una colecci\u00f3n de mensajes, poemas, cartas; f\u00f3rmulas cient\u00edficas, recetas m\u00e1gicas, clasificaciones de hormigas, plantas medicinales y hierbas; direcciones, n\u00fameros, ciudades, flechas, se\u00f1ales, br\u00fajulas, nombres y lugares que habitan su mundo.<\/p>\n\n<p class=\"has-contrast-dark-color has-text-color has-link-color has-superbfont-small-font-size wp-elements-2f4e18ac698bb96fb0e6d0a5d3908d2a\" style=\"padding-right:0;padding-left:var(--wp--preset--spacing--superbspacing-xsmall)\">Con un sin numero de exposiciones en el continente Americano, Europa y Asia, Roa a representado a Mexico con su arte, atrayendo a un selecto grupo de coleccionistas y a cautivado a mlies de personas con sus murales al rededor de Mexico.<br><\/p><\/div><div class=\"wp-block-group is-content-justification-center is-nowrap is-layout-flex wp-container-core-group-is-layout-23441af8 wp-block-group-is-layout-flex\"><div class=\"wp-block-columns is-layout-flex wp-container-core-columns-is-layout-28f84493 wp-block-columns-is-layout-flex\"><div class=\"wp-block-column is-layout-flow wp-block-column-is-layout-flow\"><figure class=\"wp-block-image size-full is-resized\"><img loading=\"lazy\" decoding=\"async\" width=\"443\" height=\"526\" src=\"https:\/\/hoypordany.com\/wp-content\/uploads\/2025\/02\/obra01.png\" alt=\"\" class=\"wp-image-31\" style=\"width:502px;height:auto\" srcset=\"https:\/\/hoypordany.com\/wp-content\/uploads\/2025\/02\/obra01.png 443w, https:\/\/hoypordany.com\/wp-content\/uploads\/2025\/02\/obra01-253x300.png 253w\" sizes=\"auto, (max-width: 443px) 100vw, 443px\" \/><\/figure><\/div>\n\n<div class=\"wp-block-column is-layout-flow wp-block-column-is-layout-flow\"><figure class=\"wp-block-image size-full\"><img loading=\"lazy\" decoding=\"async\" width=\"418\" height=\"526\" src=\"https:\/\/hoypordany.com\/wp-content\/uploads\/2025\/02\/obra02.png\" alt=\"\" class=\"wp-image-32\" srcset=\"https:\/\/hoypordany.com\/wp-content\/uploads\/2025\/02\/obra02.png 418w, https:\/\/hoypordany.com\/wp-content\/uploads\/2025\/02\/obra02-238x300.png 238w\" sizes=\"auto, (max-width: 418px) 100vw, 418px\" \/><\/figure><\/div>\n\n<div class=\"wp-block-column is-layout-flow wp-block-column-is-layout-flow\"><figure class=\"wp-block-image size-full\"><img loading=\"lazy\" decoding=\"async\" width=\"473\" height=\"541\" src=\"https:\/\/hoypordany.com\/wp-content\/uploads\/2025\/02\/obra03.png\" alt=\"\" class=\"wp-image-33\" srcset=\"https:\/\/hoypordany.com\/wp-content\/uploads\/2025\/02\/obra03.png 473w, https:\/\/hoypordany.com\/wp-content\/uploads\/2025\/02\/obra03-262x300.png 262w\" sizes=\"auto, (max-width: 473px) 100vw, 473px\" \/><\/figure><\/div><\/div><\/div>","protected":false},"excerpt":{"rendered":"<p>Jacobo Roa. ARTISTA VISUAL, AUTODIDACTA, ZURDO, IRREVERENTE, POLICROM\u00c1TICO INTERMEDIARIO DE IM\u00c1GENES Y COLORES, ANTERIOR Y SUSTITUTO DE S\u00cd MISMO. La imaginer\u00eda de la obra de ROA es una colecci\u00f3n de mensajes, poemas, cartas; f\u00f3rmulas cient\u00edficas, recetas m\u00e1gicas, clasificaciones de hormigas, plantas medicinales y hierbas; direcciones, n\u00fameros, ciudades, flechas, se\u00f1ales, br\u00fajulas, nombres y lugares que habitan [&hellip;]<\/p>\n","protected":false},"author":1,"featured_media":0,"parent":0,"menu_order":0,"comment_status":"closed","ping_status":"closed","template":"superbaddons-page-template","meta":{"footnotes":""},"class_list":["post-27","page","type-page","status-publish","hentry"],"_links":{"self":[{"href":"https:\/\/hoypordany.com\/index.php\/wp-json\/wp\/v2\/pages\/27","targetHints":{"allow":["GET"]}}],"collection":[{"href":"https:\/\/hoypordany.com\/index.php\/wp-json\/wp\/v2\/pages"}],"about":[{"href":"https:\/\/hoypordany.com\/index.php\/wp-json\/wp\/v2\/types\/page"}],"author":[{"embeddable":true,"href":"https:\/\/hoypordany.com\/index.php\/wp-json\/wp\/v2\/users\/1"}],"replies":[{"embeddable":true,"href":"https:\/\/hoypordany.com\/index.php\/wp-json\/wp\/v2\/comments?post=27"}],"version-history":[{"count":10,"href":"https:\/\/hoypordany.com\/index.php\/wp-json\/wp\/v2\/pages\/27\/revisions"}],"predecessor-version":[{"id":61,"href":"https:\/\/hoypordany.com\/index.php\/wp-json\/wp\/v2\/pages\/27\/revisions\/61"}],"wp:attachment":[{"href":"https:\/\/hoypordany.com\/index.php\/wp-json\/wp\/v2\/media?parent=27"}],"curies":[{"name":"wp","href":"https:\/\/api.w.org\/{rel}","templated":true}]}}